{"id":121,"date":"2018-04-23T15:31:30","date_gmt":"2018-04-23T13:31:30","guid":{"rendered":"http:\/\/fdcoiffure.com\/?page_id=121"},"modified":"2025-09-09T08:25:43","modified_gmt":"2025-09-09T06:25:43","slug":"prestations","status":"publish","type":"page","link":"https:\/\/fdcoiffure.com\/index.php\/prestations\/","title":{"rendered":"Prestations"},"content":{"rendered":"<ul data-start=\"405\" data-end=\"1370\">\n<li data-start=\"405\" data-end=\"548\">\n<p data-start=\"407\" data-end=\"548\"><em><strong data-start=\"407\" data-end=\"429\">Balayage signature<\/strong><\/em> : un fondu naturel et lumineux, r\u00e9alis\u00e9 avec un protocole premium pour pr\u00e9server la sant\u00e9 et l\u2019\u00e9clat de vos cheveux.<\/p>\n<\/li>\n<li data-start=\"549\" data-end=\"695\">\n<p data-start=\"551\" data-end=\"695\"><em><strong data-start=\"551\" data-end=\"573\">Coupes &amp; coiffages<\/strong> <\/em>: adapt\u00e9s \u00e0 votre style, \u00e0 votre personnalit\u00e9 et \u00e0 vos envies, que ce soit une coupe courte, moderne ou plus classique.<\/p>\n<\/li>\n<li data-start=\"696\" data-end=\"824\">\n<p data-start=\"698\" data-end=\"824\"><em><strong data-start=\"698\" data-end=\"723\">Colorations &amp; patines<\/strong><\/em> : des techniques personnalis\u00e9es pour r\u00e9v\u00e9ler votre beaut\u00e9, tout en respectant la fibre capillaire.<\/p>\n<\/li>\n<li data-start=\"825\" data-end=\"958\">\n<p data-start=\"827\" data-end=\"958\"><em><strong data-start=\"827\" data-end=\"856\">Soins capillaires experts<\/strong><\/em> : hydratation, r\u00e9paration et rituels renaissance pour redonner vitalit\u00e9 et brillance \u00e0 vos cheveux.<\/p>\n<\/li>\n<li data-start=\"959\" data-end=\"1092\">\n<p data-start=\"961\" data-end=\"1092\"><em><strong data-start=\"961\" data-end=\"988\">Consultation diagnostic<\/strong><\/em> : un moment d\u2019\u00e9change pour analyser votre cuir chevelu, vos cheveux et vous conseiller au plus juste.<\/p>\n<\/li>\n<li data-start=\"1093\" data-end=\"1251\">\n<p data-start=\"1095\" data-end=\"1251\"><em><strong data-start=\"1095\" data-end=\"1115\">Conseil en image<\/strong><\/em> : d\u00e9couvrez votre saison (printemps, \u00e9t\u00e9, automne, hiver) et profitez de recommandations sur les couleurs qui vous mettent en valeur.<\/p>\n<\/li>\n<li data-start=\"1252\" data-end=\"1370\">\n<p data-start=\"1254\" data-end=\"1370\"><em><strong data-start=\"1254\" data-end=\"1273\">Massage cr\u00e2nien<\/strong> <\/em>: un rituel d\u00e9tente pour lib\u00e9rer les tensions et offrir une v\u00e9ritable parenth\u00e8se de bien-\u00eatre.<\/p>\n<\/li>\n<\/ul>\n<p data-start=\"1372\" data-end=\"1438\">Nous travaillons avec deux gammes de produits professionnelles :<\/p>\n<ul data-start=\"1439\" data-end=\"1730\">\n<li data-start=\"1439\" data-end=\"1607\">\n<p data-start=\"1441\" data-end=\"1607\"><strong data-start=\"1441\" data-end=\"1470\">FD Coiffure Dorine Fortin<\/strong> : fabriqu\u00e9e en France, certifi\u00e9e ECOCERT, avec 96 % d\u2019ingr\u00e9dients d\u2019origine naturelle, sans sulfates, sans parabens et sans silicones.<\/p>\n<\/li>\n<li data-start=\"1608\" data-end=\"1730\">\n<p data-start=\"1610\" data-end=\"1730\"><strong data-start=\"1610\" data-end=\"1638\">Authentic Beauty Concept<\/strong> : une marque premium v\u00e9gane et respectueuse, con\u00e7ue pour sublimer vos cheveux en douceur.<\/p>\n<\/li>\n<\/ul>\n<p><img loading=\"lazy\" decoding=\"async\" class=\"alignnone wp-image-679 size-full\" src=\"https:\/\/fdcoiffure.com\/wp-content\/uploads\/2024\/10\/fdcoiffure-415.jpg\" alt=\"\" width=\"427\" height=\"640\" srcset=\"https:\/\/fdcoiffure.com\/wp-content\/uploads\/2024\/10\/fdcoiffure-415.jpg 427w, https:\/\/fdcoiffure.com\/wp-content\/uploads\/2024\/10\/fdcoiffure-415-200x300.jpg 200w, https:\/\/fdcoiffure.com\/wp-content\/uploads\/2024\/10\/fdcoiffure-415-40x60.jpg 40w\" sizes=\"auto, (max-width: 427px) 100vw, 427px\" \/>\u00a0 \u00a0 \u00a0 \u00a0 \u00a0 <img loading=\"lazy\" decoding=\"async\" class=\"alignnone wp-image-724 size-full\" src=\"https:\/\/fdcoiffure.com\/wp-content\/uploads\/2025\/01\/fdcoiffure-53-scaled.jpg\" alt=\"\" width=\"2560\" height=\"1707\" srcset=\"https:\/\/fdcoiffure.com\/wp-content\/uploads\/2025\/01\/fdcoiffure-53-scaled.jpg 2560w, https:\/\/fdcoiffure.com\/wp-content\/uploads\/2025\/01\/fdcoiffure-53-300x200.jpg 300w, https:\/\/fdcoiffure.com\/wp-content\/uploads\/2025\/01\/fdcoiffure-53-1024x683.jpg 1024w, https:\/\/fdcoiffure.com\/wp-content\/uploads\/2025\/01\/fdcoiffure-53-768x512.jpg 768w, https:\/\/fdcoiffure.com\/wp-content\/uploads\/2025\/01\/fdcoiffure-53-1536x1024.jpg 1536w, https:\/\/fdcoiffure.com\/wp-content\/uploads\/2025\/01\/fdcoiffure-53-2048x1365.jpg 2048w, https:\/\/fdcoiffure.com\/wp-content\/uploads\/2025\/01\/fdcoiffure-53-450x300.jpg 450w, https:\/\/fdcoiffure.com\/wp-content\/uploads\/2025\/01\/fdcoiffure-53-90x60.jpg 90w\" sizes=\"auto, (max-width: 2560px) 100vw, 2560px\" \/> <img loading=\"lazy\" decoding=\"async\" class=\"alignnone wp-image-725 size-full\" src=\"https:\/\/fdcoiffure.com\/wp-content\/uploads\/2025\/01\/fdcoiffure-215-scaled.jpg\" alt=\"\" width=\"2560\" height=\"1707\" srcset=\"https:\/\/fdcoiffure.com\/wp-content\/uploads\/2025\/01\/fdcoiffure-215-scaled.jpg 2560w, https:\/\/fdcoiffure.com\/wp-content\/uploads\/2025\/01\/fdcoiffure-215-300x200.jpg 300w, https:\/\/fdcoiffure.com\/wp-content\/uploads\/2025\/01\/fdcoiffure-215-1024x683.jpg 1024w, https:\/\/fdcoiffure.com\/wp-content\/uploads\/2025\/01\/fdcoiffure-215-768x512.jpg 768w, https:\/\/fdcoiffure.com\/wp-content\/uploads\/2025\/01\/fdcoiffure-215-1536x1024.jpg 1536w, https:\/\/fdcoiffure.com\/wp-content\/uploads\/2025\/01\/fdcoiffure-215-2048x1365.jpg 2048w, https:\/\/fdcoiffure.com\/wp-content\/uploads\/2025\/01\/fdcoiffure-215-450x300.jpg 450w, https:\/\/fdcoiffure.com\/wp-content\/uploads\/2025\/01\/fdcoiffure-215-90x60.jpg 90w\" sizes=\"auto, (max-width: 2560px) 100vw, 2560px\" \/><\/p>\n\n\n<p><\/p>\n","protected":false},"excerpt":{"rendered":"<p>Balayage signature : un fondu naturel et lumineux, r\u00e9alis\u00e9 avec un protocole premium pour pr\u00e9server la sant\u00e9 et l\u2019\u00e9clat de vos cheveux. Coupes &amp; coiffages : adapt\u00e9s \u00e0 votre style, \u00e0 votre personnalit\u00e9 et \u00e0 vos envies, que ce soit une coupe courte, moderne ou plus classique. Colorations &amp; patines : des techniques personnalis\u00e9es pour &hellip; <\/p>\n","protected":false},"author":1,"featured_media":0,"parent":0,"menu_order":0,"comment_status":"closed","ping_status":"closed","template":"","meta":{"footnotes":""},"class_list":["post-121","page","type-page","status-publish","hentry"],"yoast_head":"<!-- This site is optimized with the Yoast SEO plugin v27.3 - https:\/\/yoast.com\/product\/yoast-seo-wordpress\/ -->\n<title>Prestations - FD COIFFURE - L&#039;art de sublimer vos cheveux au naturel<\/title>\n<meta name=\"robots\" content=\"index, follow, max-snippet:-1, max-image-preview:large, max-video-preview:-1\" \/>\n<link rel=\"canonical\" href=\"https:\/\/fdcoiffure.com\/index.php\/prestations\/\" \/>\n<meta property=\"og:locale\" content=\"fr_FR\" \/>\n<meta property=\"og:type\" content=\"article\" \/>\n<meta property=\"og:title\" content=\"Prestations - FD COIFFURE - L&#039;art de sublimer vos cheveux au naturel\" \/>\n<meta property=\"og:description\" content=\"Balayage signature : un fondu naturel et lumineux, r\u00e9alis\u00e9 avec un protocole premium pour pr\u00e9server la sant\u00e9 et l\u2019\u00e9clat de vos cheveux. Coupes &amp; coiffages : adapt\u00e9s \u00e0 votre style, \u00e0 votre personnalit\u00e9 et \u00e0 vos envies, que ce soit une coupe courte, moderne ou plus classique. Colorations &amp; patines : des techniques personnalis\u00e9es pour &hellip;\" \/>\n<meta property=\"og:url\" content=\"https:\/\/fdcoiffure.com\/index.php\/prestations\/\" \/>\n<meta property=\"og:site_name\" content=\"FD COIFFURE - L&#039;art de sublimer vos cheveux au naturel\" \/>\n<meta property=\"article:publisher\" content=\"http:\/\/fd20coiffure20ch\u00e2teauponsac\" \/>\n<meta property=\"article:modified_time\" content=\"2025-09-09T06:25:43+00:00\" \/>\n<meta property=\"og:image\" content=\"https:\/\/fdcoiffure.com\/wp-content\/uploads\/2024\/10\/fdcoiffure-415.jpg\" \/>\n\t<meta property=\"og:image:width\" content=\"427\" \/>\n\t<meta property=\"og:image:height\" content=\"640\" \/>\n\t<meta property=\"og:image:type\" content=\"image\/jpeg\" \/>\n<meta name=\"twitter:card\" content=\"summary_large_image\" \/>\n<meta name=\"twitter:label1\" content=\"Dur\u00e9e de lecture estim\u00e9e\" \/>\n\t<meta name=\"twitter:data1\" content=\"2 minutes\" \/>\n<script type=\"application\/ld+json\" class=\"yoast-schema-graph\">{\"@context\":\"https:\\\/\\\/schema.org\",\"@graph\":[{\"@type\":\"WebPage\",\"@id\":\"https:\\\/\\\/fdcoiffure.com\\\/index.php\\\/prestations\\\/\",\"url\":\"https:\\\/\\\/fdcoiffure.com\\\/index.php\\\/prestations\\\/\",\"name\":\"Prestations - FD COIFFURE - L&#039;art de sublimer vos cheveux au naturel\",\"isPartOf\":{\"@id\":\"https:\\\/\\\/fdcoiffure.com\\\/#website\"},\"primaryImageOfPage\":{\"@id\":\"https:\\\/\\\/fdcoiffure.com\\\/index.php\\\/prestations\\\/#primaryimage\"},\"image\":{\"@id\":\"https:\\\/\\\/fdcoiffure.com\\\/index.php\\\/prestations\\\/#primaryimage\"},\"thumbnailUrl\":\"https:\\\/\\\/fdcoiffure.com\\\/wp-content\\\/uploads\\\/2024\\\/10\\\/fdcoiffure-415.jpg\",\"datePublished\":\"2018-04-23T13:31:30+00:00\",\"dateModified\":\"2025-09-09T06:25:43+00:00\",\"breadcrumb\":{\"@id\":\"https:\\\/\\\/fdcoiffure.com\\\/index.php\\\/prestations\\\/#breadcrumb\"},\"inLanguage\":\"fr-FR\",\"potentialAction\":[{\"@type\":\"ReadAction\",\"target\":[\"https:\\\/\\\/fdcoiffure.com\\\/index.php\\\/prestations\\\/\"]}]},{\"@type\":\"ImageObject\",\"inLanguage\":\"fr-FR\",\"@id\":\"https:\\\/\\\/fdcoiffure.com\\\/index.php\\\/prestations\\\/#primaryimage\",\"url\":\"https:\\\/\\\/fdcoiffure.com\\\/wp-content\\\/uploads\\\/2024\\\/10\\\/fdcoiffure-415.jpg\",\"contentUrl\":\"https:\\\/\\\/fdcoiffure.com\\\/wp-content\\\/uploads\\\/2024\\\/10\\\/fdcoiffure-415.jpg\",\"width\":427,\"height\":640},{\"@type\":\"BreadcrumbList\",\"@id\":\"https:\\\/\\\/fdcoiffure.com\\\/index.php\\\/prestations\\\/#breadcrumb\",\"itemListElement\":[{\"@type\":\"ListItem\",\"position\":1,\"name\":\"Accueil\",\"item\":\"https:\\\/\\\/fdcoiffure.com\\\/\"},{\"@type\":\"ListItem\",\"position\":2,\"name\":\"Prestations\"}]},{\"@type\":\"WebSite\",\"@id\":\"https:\\\/\\\/fdcoiffure.com\\\/#website\",\"url\":\"https:\\\/\\\/fdcoiffure.com\\\/\",\"name\":\"fdcoiffure\",\"description\":\"Votre artisan coiffeur depuis 2005.\",\"publisher\":{\"@id\":\"https:\\\/\\\/fdcoiffure.com\\\/#organization\"},\"potentialAction\":[{\"@type\":\"SearchAction\",\"target\":{\"@type\":\"EntryPoint\",\"urlTemplate\":\"https:\\\/\\\/fdcoiffure.com\\\/?s={search_term_string}\"},\"query-input\":{\"@type\":\"PropertyValueSpecification\",\"valueRequired\":true,\"valueName\":\"search_term_string\"}}],\"inLanguage\":\"fr-FR\"},{\"@type\":\"Organization\",\"@id\":\"https:\\\/\\\/fdcoiffure.com\\\/#organization\",\"name\":\"FD COIFFURE dorine Fortin\",\"url\":\"https:\\\/\\\/fdcoiffure.com\\\/\",\"logo\":{\"@type\":\"ImageObject\",\"inLanguage\":\"fr-FR\",\"@id\":\"https:\\\/\\\/fdcoiffure.com\\\/#\\\/schema\\\/logo\\\/image\\\/\",\"url\":\"https:\\\/\\\/fdcoiffure.com\\\/wp-content\\\/uploads\\\/2018\\\/04\\\/Steinfield-ConvertImage.png\",\"contentUrl\":\"https:\\\/\\\/fdcoiffure.com\\\/wp-content\\\/uploads\\\/2018\\\/04\\\/Steinfield-ConvertImage.png\",\"width\":500,\"height\":500,\"caption\":\"FD COIFFURE dorine Fortin\"},\"image\":{\"@id\":\"https:\\\/\\\/fdcoiffure.com\\\/#\\\/schema\\\/logo\\\/image\\\/\"},\"sameAs\":[\"http:\\\/\\\/fd20coiffure20ch\u00e2teauponsac\"]}]}<\/script>\n<!-- \/ Yoast SEO plugin. -->","yoast_head_json":{"title":"Prestations - FD COIFFURE - L&#039;art de sublimer vos cheveux au naturel","robots":{"index":"index","follow":"follow","max-snippet":"max-snippet:-1","max-image-preview":"max-image-preview:large","max-video-preview":"max-video-preview:-1"},"canonical":"https:\/\/fdcoiffure.com\/index.php\/prestations\/","og_locale":"fr_FR","og_type":"article","og_title":"Prestations - FD COIFFURE - L&#039;art de sublimer vos cheveux au naturel","og_description":"Balayage signature : un fondu naturel et lumineux, r\u00e9alis\u00e9 avec un protocole premium pour pr\u00e9server la sant\u00e9 et l\u2019\u00e9clat de vos cheveux. Coupes &amp; coiffages : adapt\u00e9s \u00e0 votre style, \u00e0 votre personnalit\u00e9 et \u00e0 vos envies, que ce soit une coupe courte, moderne ou plus classique. Colorations &amp; patines : des techniques personnalis\u00e9es pour &hellip;","og_url":"https:\/\/fdcoiffure.com\/index.php\/prestations\/","og_site_name":"FD COIFFURE - L&#039;art de sublimer vos cheveux au naturel","article_publisher":"http:\/\/fd20coiffure20ch\u00e2teauponsac","article_modified_time":"2025-09-09T06:25:43+00:00","og_image":[{"width":427,"height":640,"url":"https:\/\/fdcoiffure.com\/wp-content\/uploads\/2024\/10\/fdcoiffure-415.jpg","type":"image\/jpeg"}],"twitter_card":"summary_large_image","twitter_misc":{"Dur\u00e9e de lecture estim\u00e9e":"2 minutes"},"schema":{"@context":"https:\/\/schema.org","@graph":[{"@type":"WebPage","@id":"https:\/\/fdcoiffure.com\/index.php\/prestations\/","url":"https:\/\/fdcoiffure.com\/index.php\/prestations\/","name":"Prestations - FD COIFFURE - L&#039;art de sublimer vos cheveux au naturel","isPartOf":{"@id":"https:\/\/fdcoiffure.com\/#website"},"primaryImageOfPage":{"@id":"https:\/\/fdcoiffure.com\/index.php\/prestations\/#primaryimage"},"image":{"@id":"https:\/\/fdcoiffure.com\/index.php\/prestations\/#primaryimage"},"thumbnailUrl":"https:\/\/fdcoiffure.com\/wp-content\/uploads\/2024\/10\/fdcoiffure-415.jpg","datePublished":"2018-04-23T13:31:30+00:00","dateModified":"2025-09-09T06:25:43+00:00","breadcrumb":{"@id":"https:\/\/fdcoiffure.com\/index.php\/prestations\/#breadcrumb"},"inLanguage":"fr-FR","potentialAction":[{"@type":"ReadAction","target":["https:\/\/fdcoiffure.com\/index.php\/prestations\/"]}]},{"@type":"ImageObject","inLanguage":"fr-FR","@id":"https:\/\/fdcoiffure.com\/index.php\/prestations\/#primaryimage","url":"https:\/\/fdcoiffure.com\/wp-content\/uploads\/2024\/10\/fdcoiffure-415.jpg","contentUrl":"https:\/\/fdcoiffure.com\/wp-content\/uploads\/2024\/10\/fdcoiffure-415.jpg","width":427,"height":640},{"@type":"BreadcrumbList","@id":"https:\/\/fdcoiffure.com\/index.php\/prestations\/#breadcrumb","itemListElement":[{"@type":"ListItem","position":1,"name":"Accueil","item":"https:\/\/fdcoiffure.com\/"},{"@type":"ListItem","position":2,"name":"Prestations"}]},{"@type":"WebSite","@id":"https:\/\/fdcoiffure.com\/#website","url":"https:\/\/fdcoiffure.com\/","name":"fdcoiffure","description":"Votre artisan coiffeur depuis 2005.","publisher":{"@id":"https:\/\/fdcoiffure.com\/#organization"},"potentialAction":[{"@type":"SearchAction","target":{"@type":"EntryPoint","urlTemplate":"https:\/\/fdcoiffure.com\/?s={search_term_string}"},"query-input":{"@type":"PropertyValueSpecification","valueRequired":true,"valueName":"search_term_string"}}],"inLanguage":"fr-FR"},{"@type":"Organization","@id":"https:\/\/fdcoiffure.com\/#organization","name":"FD COIFFURE dorine Fortin","url":"https:\/\/fdcoiffure.com\/","logo":{"@type":"ImageObject","inLanguage":"fr-FR","@id":"https:\/\/fdcoiffure.com\/#\/schema\/logo\/image\/","url":"https:\/\/fdcoiffure.com\/wp-content\/uploads\/2018\/04\/Steinfield-ConvertImage.png","contentUrl":"https:\/\/fdcoiffure.com\/wp-content\/uploads\/2018\/04\/Steinfield-ConvertImage.png","width":500,"height":500,"caption":"FD COIFFURE dorine Fortin"},"image":{"@id":"https:\/\/fdcoiffure.com\/#\/schema\/logo\/image\/"},"sameAs":["http:\/\/fd20coiffure20ch\u00e2teauponsac"]}]}},"_links":{"self":[{"href":"https:\/\/fdcoiffure.com\/index.php\/wp-json\/wp\/v2\/pages\/121","targetHints":{"allow":["GET"]}}],"collection":[{"href":"https:\/\/fdcoiffure.com\/index.php\/wp-json\/wp\/v2\/pages"}],"about":[{"href":"https:\/\/fdcoiffure.com\/index.php\/wp-json\/wp\/v2\/types\/page"}],"author":[{"embeddable":true,"href":"https:\/\/fdcoiffure.com\/index.php\/wp-json\/wp\/v2\/users\/1"}],"replies":[{"embeddable":true,"href":"https:\/\/fdcoiffure.com\/index.php\/wp-json\/wp\/v2\/comments?post=121"}],"version-history":[{"count":9,"href":"https:\/\/fdcoiffure.com\/index.php\/wp-json\/wp\/v2\/pages\/121\/revisions"}],"predecessor-version":[{"id":735,"href":"https:\/\/fdcoiffure.com\/index.php\/wp-json\/wp\/v2\/pages\/121\/revisions\/735"}],"wp:attachment":[{"href":"https:\/\/fdcoiffure.com\/index.php\/wp-json\/wp\/v2\/media?parent=121"}],"curies":[{"name":"wp","href":"https:\/\/api.w.org\/{rel}","templated":true}]}}