{"id":122,"date":"2018-04-23T15:31:30","date_gmt":"2018-04-23T13:31:30","guid":{"rendered":"http:\/\/fdcoiffure.com\/?page_id=122"},"modified":"2025-09-09T08:30:28","modified_gmt":"2025-09-09T06:30:28","slug":"notre-equipe","status":"publish","type":"page","link":"https:\/\/fdcoiffure.com\/index.php\/notre-equipe\/","title":{"rendered":"Notre \u00e9quipe"},"content":{"rendered":"<p><span class=\"OYPEnA text-decoration-none text-strikethrough-none\">Bienvenue dans notre salon de coiffure o\u00f9 l&rsquo;art de la coiffure prend une toute nouvelle dimension avec Dorine, notre talentueuse experte en balayage et en coupe pour hommes et dames. Avec plus de 30 ans d&rsquo;exp\u00e9rience , Dorine poss\u00e8de un \u0153il artistique in\u00e9gal\u00e9 et une passion pour transformer chaque chevelure en une v\u00e9ritable \u0153uvre d&rsquo;art.<\/span><\/p>\n<p class=\"cvGsUA direction-ltr align-center para-style-body\"><span class=\"OYPEnA text-decoration-none text-strikethrough-none\">Sa ma\u00eetrise du balayage est tout simplement magique : elle sait comment illuminer vos cheveux avec des nuances subtiles et des transitions harmonieuses qui rehaussent votre beaut\u00e9 naturelle. Que vous souhaitiez un look ensoleill\u00e9 ou des reflets discrets, Dorine est la magicienne du pinceau et des m\u00e8ches.<\/span><\/p>\n<p class=\"cvGsUA direction-ltr align-center para-style-body\"><span class=\"OYPEnA text-decoration-none text-strikethrough-none\">Mais ce n\u2019est pas tout ! Les coupes pour hommes et dames n\u2019ont aucun secret pour elle. De la coupe classique aux styles les plus tendance, Dorine adapte chaque coupe \u00e0 votre personnalit\u00e9 et \u00e0 votre mode de vie, pour un r\u00e9sultat toujours impeccable et personnalis\u00e9.<\/span><\/p>\n<p class=\"cvGsUA direction-ltr align-center para-style-body\"><span class=\"OYPEnA text-decoration-none text-strikethrough-none\">Venez rencontrer Dorine et laissez-vous choyer par ses mains expertes. Vous repartirez non seulement transform\u00e9, mais aussi avec le sourire aux l\u00e8vres et une confiance renouvel\u00e9e.<\/span><\/p>\n<p class=\"cvGsUA direction-ltr align-center para-style-body\"><span class=\"OYPEnA text-decoration-none text-strikethrough-none\">Rencontrez Pauline, l&rsquo;experte en balayage, dont les comp\u00e9tences \u00e9blouissent ses clients et transforment chaque chevelure en \u0153uvre d&rsquo;art. Pauline a perfectionn\u00e9 son art \u00e0 travers une multitude de formations sp\u00e9cialis\u00e9es, allant des techniques de balayage classique aux derni\u00e8res tendances. Passionn\u00e9e et cr\u00e9ative, elle sait \u00e9couter et sublimer chaque individu, garantissant un r\u00e9sultat naturel et lumineux. Avec Pauline, chaque visite est une exp\u00e9rience unique, marqu\u00e9e par son expertise et son enthousiasme contagieux. Offrez-vous le meilleur du balayage avec Pauline, o\u00f9 la beaut\u00e9 rencontre l&rsquo;excellence.<\/span><\/p>\n<p><span class=\"OYPEnA text-decoration-none text-strikethrough-none\"> Notre salon n\u2019attend plus que vous pour une exp\u00e9rience coiffure exceptionnelle et unique.<img loading=\"lazy\" decoding=\"async\" class=\"alignnone wp-image-654 size-large\" src=\"https:\/\/fdcoiffure.com\/wp-content\/uploads\/2024\/04\/fdcoiffure-492-683x1024.jpg\" alt=\"\" width=\"683\" height=\"1024\" srcset=\"https:\/\/fdcoiffure.com\/wp-content\/uploads\/2024\/04\/fdcoiffure-492-683x1024.jpg 683w, https:\/\/fdcoiffure.com\/wp-content\/uploads\/2024\/04\/fdcoiffure-492-200x300.jpg 200w, https:\/\/fdcoiffure.com\/wp-content\/uploads\/2024\/04\/fdcoiffure-492-768x1152.jpg 768w, https:\/\/fdcoiffure.com\/wp-content\/uploads\/2024\/04\/fdcoiffure-492-1024x1536.jpg 1024w, https:\/\/fdcoiffure.com\/wp-content\/uploads\/2024\/04\/fdcoiffure-492-1365x2048.jpg 1365w, https:\/\/fdcoiffure.com\/wp-content\/uploads\/2024\/04\/fdcoiffure-492-40x60.jpg 40w, https:\/\/fdcoiffure.com\/wp-content\/uploads\/2024\/04\/fdcoiffure-492-600x900.jpg 600w, https:\/\/fdcoiffure.com\/wp-content\/uploads\/2024\/04\/fdcoiffure-492-scaled.jpg 1707w\" sizes=\"auto, (max-width: 683px) 100vw, 683px\" \/><\/span><\/p>\n","protected":false},"excerpt":{"rendered":"<p>Bienvenue dans notre salon de coiffure o\u00f9 l&rsquo;art de la coiffure prend une toute nouvelle dimension avec Dorine, notre talentueuse experte en balayage et en coupe pour hommes et dames. Avec plus de 30 ans d&rsquo;exp\u00e9rience , Dorine poss\u00e8de un \u0153il artistique in\u00e9gal\u00e9 et une passion pour transformer chaque chevelure en une v\u00e9ritable \u0153uvre d&rsquo;art. &hellip; <\/p>\n","protected":false},"author":1,"featured_media":0,"parent":0,"menu_order":0,"comment_status":"closed","ping_status":"closed","template":"","meta":{"footnotes":""},"class_list":["post-122","page","type-page","status-publish","hentry"],"yoast_head":"<!-- This site is optimized with the Yoast SEO plugin v27.3 - https:\/\/yoast.com\/product\/yoast-seo-wordpress\/ -->\n<title>Notre \u00e9quipe - FD COIFFURE - L&#039;art de sublimer vos cheveux au naturel<\/title>\n<meta name=\"robots\" content=\"index, follow, max-snippet:-1, max-image-preview:large, max-video-preview:-1\" \/>\n<link rel=\"canonical\" href=\"https:\/\/fdcoiffure.com\/index.php\/notre-equipe\/\" \/>\n<meta property=\"og:locale\" content=\"fr_FR\" \/>\n<meta property=\"og:type\" content=\"article\" \/>\n<meta property=\"og:title\" content=\"Notre \u00e9quipe - FD COIFFURE - L&#039;art de sublimer vos cheveux au naturel\" \/>\n<meta property=\"og:description\" content=\"Bienvenue dans notre salon de coiffure o\u00f9 l&rsquo;art de la coiffure prend une toute nouvelle dimension avec Dorine, notre talentueuse experte en balayage et en coupe pour hommes et dames. Avec plus de 30 ans d&rsquo;exp\u00e9rience , Dorine poss\u00e8de un \u0153il artistique in\u00e9gal\u00e9 et une passion pour transformer chaque chevelure en une v\u00e9ritable \u0153uvre d&rsquo;art. &hellip;\" \/>\n<meta property=\"og:url\" content=\"https:\/\/fdcoiffure.com\/index.php\/notre-equipe\/\" \/>\n<meta property=\"og:site_name\" content=\"FD COIFFURE - L&#039;art de sublimer vos cheveux au naturel\" \/>\n<meta property=\"article:publisher\" content=\"http:\/\/fd20coiffure20ch\u00e2teauponsac\" \/>\n<meta property=\"article:modified_time\" content=\"2025-09-09T06:30:28+00:00\" \/>\n<meta property=\"og:image\" content=\"https:\/\/fdcoiffure.com\/wp-content\/uploads\/2024\/04\/fdcoiffure-492-scaled.jpg\" \/>\n\t<meta property=\"og:image:width\" content=\"1707\" \/>\n\t<meta property=\"og:image:height\" content=\"2560\" \/>\n\t<meta property=\"og:image:type\" content=\"image\/jpeg\" \/>\n<meta name=\"twitter:card\" content=\"summary_large_image\" \/>\n<meta name=\"twitter:label1\" content=\"Dur\u00e9e de lecture estim\u00e9e\" \/>\n\t<meta name=\"twitter:data1\" content=\"2 minutes\" \/>\n<script type=\"application\/ld+json\" class=\"yoast-schema-graph\">{\"@context\":\"https:\\\/\\\/schema.org\",\"@graph\":[{\"@type\":\"WebPage\",\"@id\":\"https:\\\/\\\/fdcoiffure.com\\\/index.php\\\/notre-equipe\\\/\",\"url\":\"https:\\\/\\\/fdcoiffure.com\\\/index.php\\\/notre-equipe\\\/\",\"name\":\"Notre \u00e9quipe - FD COIFFURE - L&#039;art de sublimer vos cheveux au naturel\",\"isPartOf\":{\"@id\":\"https:\\\/\\\/fdcoiffure.com\\\/#website\"},\"primaryImageOfPage\":{\"@id\":\"https:\\\/\\\/fdcoiffure.com\\\/index.php\\\/notre-equipe\\\/#primaryimage\"},\"image\":{\"@id\":\"https:\\\/\\\/fdcoiffure.com\\\/index.php\\\/notre-equipe\\\/#primaryimage\"},\"thumbnailUrl\":\"https:\\\/\\\/fdcoiffure.com\\\/wp-content\\\/uploads\\\/2024\\\/04\\\/fdcoiffure-492-683x1024.jpg\",\"datePublished\":\"2018-04-23T13:31:30+00:00\",\"dateModified\":\"2025-09-09T06:30:28+00:00\",\"breadcrumb\":{\"@id\":\"https:\\\/\\\/fdcoiffure.com\\\/index.php\\\/notre-equipe\\\/#breadcrumb\"},\"inLanguage\":\"fr-FR\",\"potentialAction\":[{\"@type\":\"ReadAction\",\"target\":[\"https:\\\/\\\/fdcoiffure.com\\\/index.php\\\/notre-equipe\\\/\"]}]},{\"@type\":\"ImageObject\",\"inLanguage\":\"fr-FR\",\"@id\":\"https:\\\/\\\/fdcoiffure.com\\\/index.php\\\/notre-equipe\\\/#primaryimage\",\"url\":\"https:\\\/\\\/fdcoiffure.com\\\/wp-content\\\/uploads\\\/2024\\\/04\\\/fdcoiffure-492-scaled.jpg\",\"contentUrl\":\"https:\\\/\\\/fdcoiffure.com\\\/wp-content\\\/uploads\\\/2024\\\/04\\\/fdcoiffure-492-scaled.jpg\",\"width\":1707,\"height\":2560},{\"@type\":\"BreadcrumbList\",\"@id\":\"https:\\\/\\\/fdcoiffure.com\\\/index.php\\\/notre-equipe\\\/#breadcrumb\",\"itemListElement\":[{\"@type\":\"ListItem\",\"position\":1,\"name\":\"Accueil\",\"item\":\"https:\\\/\\\/fdcoiffure.com\\\/\"},{\"@type\":\"ListItem\",\"position\":2,\"name\":\"Notre \u00e9quipe\"}]},{\"@type\":\"WebSite\",\"@id\":\"https:\\\/\\\/fdcoiffure.com\\\/#website\",\"url\":\"https:\\\/\\\/fdcoiffure.com\\\/\",\"name\":\"fdcoiffure\",\"description\":\"Votre artisan coiffeur depuis 2005.\",\"publisher\":{\"@id\":\"https:\\\/\\\/fdcoiffure.com\\\/#organization\"},\"potentialAction\":[{\"@type\":\"SearchAction\",\"target\":{\"@type\":\"EntryPoint\",\"urlTemplate\":\"https:\\\/\\\/fdcoiffure.com\\\/?s={search_term_string}\"},\"query-input\":{\"@type\":\"PropertyValueSpecification\",\"valueRequired\":true,\"valueName\":\"search_term_string\"}}],\"inLanguage\":\"fr-FR\"},{\"@type\":\"Organization\",\"@id\":\"https:\\\/\\\/fdcoiffure.com\\\/#organization\",\"name\":\"FD COIFFURE dorine Fortin\",\"url\":\"https:\\\/\\\/fdcoiffure.com\\\/\",\"logo\":{\"@type\":\"ImageObject\",\"inLanguage\":\"fr-FR\",\"@id\":\"https:\\\/\\\/fdcoiffure.com\\\/#\\\/schema\\\/logo\\\/image\\\/\",\"url\":\"https:\\\/\\\/fdcoiffure.com\\\/wp-content\\\/uploads\\\/2018\\\/04\\\/Steinfield-ConvertImage.png\",\"contentUrl\":\"https:\\\/\\\/fdcoiffure.com\\\/wp-content\\\/uploads\\\/2018\\\/04\\\/Steinfield-ConvertImage.png\",\"width\":500,\"height\":500,\"caption\":\"FD COIFFURE dorine Fortin\"},\"image\":{\"@id\":\"https:\\\/\\\/fdcoiffure.com\\\/#\\\/schema\\\/logo\\\/image\\\/\"},\"sameAs\":[\"http:\\\/\\\/fd20coiffure20ch\u00e2teauponsac\"]}]}<\/script>\n<!-- \/ Yoast SEO plugin. -->","yoast_head_json":{"title":"Notre \u00e9quipe - FD COIFFURE - L&#039;art de sublimer vos cheveux au naturel","robots":{"index":"index","follow":"follow","max-snippet":"max-snippet:-1","max-image-preview":"max-image-preview:large","max-video-preview":"max-video-preview:-1"},"canonical":"https:\/\/fdcoiffure.com\/index.php\/notre-equipe\/","og_locale":"fr_FR","og_type":"article","og_title":"Notre \u00e9quipe - FD COIFFURE - L&#039;art de sublimer vos cheveux au naturel","og_description":"Bienvenue dans notre salon de coiffure o\u00f9 l&rsquo;art de la coiffure prend une toute nouvelle dimension avec Dorine, notre talentueuse experte en balayage et en coupe pour hommes et dames. Avec plus de 30 ans d&rsquo;exp\u00e9rience , Dorine poss\u00e8de un \u0153il artistique in\u00e9gal\u00e9 et une passion pour transformer chaque chevelure en une v\u00e9ritable \u0153uvre d&rsquo;art. &hellip;","og_url":"https:\/\/fdcoiffure.com\/index.php\/notre-equipe\/","og_site_name":"FD COIFFURE - L&#039;art de sublimer vos cheveux au naturel","article_publisher":"http:\/\/fd20coiffure20ch\u00e2teauponsac","article_modified_time":"2025-09-09T06:30:28+00:00","og_image":[{"width":1707,"height":2560,"url":"https:\/\/fdcoiffure.com\/wp-content\/uploads\/2024\/04\/fdcoiffure-492-scaled.jpg","type":"image\/jpeg"}],"twitter_card":"summary_large_image","twitter_misc":{"Dur\u00e9e de lecture estim\u00e9e":"2 minutes"},"schema":{"@context":"https:\/\/schema.org","@graph":[{"@type":"WebPage","@id":"https:\/\/fdcoiffure.com\/index.php\/notre-equipe\/","url":"https:\/\/fdcoiffure.com\/index.php\/notre-equipe\/","name":"Notre \u00e9quipe - FD COIFFURE - L&#039;art de sublimer vos cheveux au naturel","isPartOf":{"@id":"https:\/\/fdcoiffure.com\/#website"},"primaryImageOfPage":{"@id":"https:\/\/fdcoiffure.com\/index.php\/notre-equipe\/#primaryimage"},"image":{"@id":"https:\/\/fdcoiffure.com\/index.php\/notre-equipe\/#primaryimage"},"thumbnailUrl":"https:\/\/fdcoiffure.com\/wp-content\/uploads\/2024\/04\/fdcoiffure-492-683x1024.jpg","datePublished":"2018-04-23T13:31:30+00:00","dateModified":"2025-09-09T06:30:28+00:00","breadcrumb":{"@id":"https:\/\/fdcoiffure.com\/index.php\/notre-equipe\/#breadcrumb"},"inLanguage":"fr-FR","potentialAction":[{"@type":"ReadAction","target":["https:\/\/fdcoiffure.com\/index.php\/notre-equipe\/"]}]},{"@type":"ImageObject","inLanguage":"fr-FR","@id":"https:\/\/fdcoiffure.com\/index.php\/notre-equipe\/#primaryimage","url":"https:\/\/fdcoiffure.com\/wp-content\/uploads\/2024\/04\/fdcoiffure-492-scaled.jpg","contentUrl":"https:\/\/fdcoiffure.com\/wp-content\/uploads\/2024\/04\/fdcoiffure-492-scaled.jpg","width":1707,"height":2560},{"@type":"BreadcrumbList","@id":"https:\/\/fdcoiffure.com\/index.php\/notre-equipe\/#breadcrumb","itemListElement":[{"@type":"ListItem","position":1,"name":"Accueil","item":"https:\/\/fdcoiffure.com\/"},{"@type":"ListItem","position":2,"name":"Notre \u00e9quipe"}]},{"@type":"WebSite","@id":"https:\/\/fdcoiffure.com\/#website","url":"https:\/\/fdcoiffure.com\/","name":"fdcoiffure","description":"Votre artisan coiffeur depuis 2005.","publisher":{"@id":"https:\/\/fdcoiffure.com\/#organization"},"potentialAction":[{"@type":"SearchAction","target":{"@type":"EntryPoint","urlTemplate":"https:\/\/fdcoiffure.com\/?s={search_term_string}"},"query-input":{"@type":"PropertyValueSpecification","valueRequired":true,"valueName":"search_term_string"}}],"inLanguage":"fr-FR"},{"@type":"Organization","@id":"https:\/\/fdcoiffure.com\/#organization","name":"FD COIFFURE dorine Fortin","url":"https:\/\/fdcoiffure.com\/","logo":{"@type":"ImageObject","inLanguage":"fr-FR","@id":"https:\/\/fdcoiffure.com\/#\/schema\/logo\/image\/","url":"https:\/\/fdcoiffure.com\/wp-content\/uploads\/2018\/04\/Steinfield-ConvertImage.png","contentUrl":"https:\/\/fdcoiffure.com\/wp-content\/uploads\/2018\/04\/Steinfield-ConvertImage.png","width":500,"height":500,"caption":"FD COIFFURE dorine Fortin"},"image":{"@id":"https:\/\/fdcoiffure.com\/#\/schema\/logo\/image\/"},"sameAs":["http:\/\/fd20coiffure20ch\u00e2teauponsac"]}]}},"_links":{"self":[{"href":"https:\/\/fdcoiffure.com\/index.php\/wp-json\/wp\/v2\/pages\/122","targetHints":{"allow":["GET"]}}],"collection":[{"href":"https:\/\/fdcoiffure.com\/index.php\/wp-json\/wp\/v2\/pages"}],"about":[{"href":"https:\/\/fdcoiffure.com\/index.php\/wp-json\/wp\/v2\/types\/page"}],"author":[{"embeddable":true,"href":"https:\/\/fdcoiffure.com\/index.php\/wp-json\/wp\/v2\/users\/1"}],"replies":[{"embeddable":true,"href":"https:\/\/fdcoiffure.com\/index.php\/wp-json\/wp\/v2\/comments?post=122"}],"version-history":[{"count":12,"href":"https:\/\/fdcoiffure.com\/index.php\/wp-json\/wp\/v2\/pages\/122\/revisions"}],"predecessor-version":[{"id":721,"href":"https:\/\/fdcoiffure.com\/index.php\/wp-json\/wp\/v2\/pages\/122\/revisions\/721"}],"wp:attachment":[{"href":"https:\/\/fdcoiffure.com\/index.php\/wp-json\/wp\/v2\/media?parent=122"}],"curies":[{"name":"wp","href":"https:\/\/api.w.org\/{rel}","templated":true}]}}