{"id":52,"date":"2018-04-12T18:44:36","date_gmt":"2018-04-12T16:44:36","guid":{"rendered":"http:\/\/fdcoiffure.com\/?page_id=52"},"modified":"2024-10-20T18:30:19","modified_gmt":"2024-10-20T16:30:19","slug":"accueil","status":"publish","type":"page","link":"https:\/\/fdcoiffure.com\/","title":{"rendered":"Accueil"},"content":{"rendered":"<p><strong>Bienvenue sur le site du salon FD coiffure , coiffeur\u00a0ind\u00e9pendant, install\u00e9 depuis 2005 , situ\u00e9 \u00e0 Ch\u00e2teauponsac dans le d\u00e9partement de la Haute-vienne.<\/strong><\/p>\n<p style=\"text-align: center;\"><strong>Hommes, femmes et enfants , l&rsquo;\u00e9quipe s&rsquo;adapte \u00e0 vos envies et vos besoins .<\/strong><\/p>\n<p style=\"text-align: center;\"><strong><img loading=\"lazy\" decoding=\"async\" class=\"alignnone size-medium wp-image-697\" src=\"https:\/\/fdcoiffure.com\/wp-content\/uploads\/2024\/10\/fdcoiffure-8-300x200.jpg\" alt=\"\" width=\"300\" height=\"200\" srcset=\"https:\/\/fdcoiffure.com\/wp-content\/uploads\/2024\/10\/fdcoiffure-8-300x200.jpg 300w, https:\/\/fdcoiffure.com\/wp-content\/uploads\/2024\/10\/fdcoiffure-8-1024x683.jpg 1024w, https:\/\/fdcoiffure.com\/wp-content\/uploads\/2024\/10\/fdcoiffure-8-768x512.jpg 768w, https:\/\/fdcoiffure.com\/wp-content\/uploads\/2024\/10\/fdcoiffure-8-1536x1024.jpg 1536w, https:\/\/fdcoiffure.com\/wp-content\/uploads\/2024\/10\/fdcoiffure-8-2048x1365.jpg 2048w, https:\/\/fdcoiffure.com\/wp-content\/uploads\/2024\/10\/fdcoiffure-8-450x300.jpg 450w, https:\/\/fdcoiffure.com\/wp-content\/uploads\/2024\/10\/fdcoiffure-8-90x60.jpg 90w, https:\/\/fdcoiffure.com\/wp-content\/uploads\/2024\/10\/fdcoiffure-8-600x400.jpg 600w\" sizes=\"auto, (max-width: 300px) 100vw, 300px\" \/><img loading=\"lazy\" decoding=\"async\" class=\"alignnone size-medium wp-image-225\" src=\"http:\/\/fdcoiffure.com\/wp-content\/uploads\/2020\/08\/1B2DD540-798C-4AD1-BAE2-9B5959F596A6-225x300.jpeg\" alt=\"\" width=\"225\" height=\"300\" \/><img loading=\"lazy\" decoding=\"async\" class=\"alignnone size-medium wp-image-227\" src=\"http:\/\/fdcoiffure.com\/wp-content\/uploads\/2020\/08\/C2E62269-8580-4A26-B699-983894BBB524-225x300.jpeg\" alt=\"\" width=\"225\" height=\"300\" \/><img loading=\"lazy\" decoding=\"async\" class=\"alignnone size-medium wp-image-224\" src=\"http:\/\/fdcoiffure.com\/wp-content\/uploads\/2020\/08\/4C4B2B2A-C4A2-4C9E-956B-D84BF142A5FC-225x300.jpeg\" alt=\"\" width=\"225\" height=\"300\" \/><\/strong><\/p>\n<p style=\"text-align: center;\"><strong>Venez profiter d&rsquo;un moment de d\u00e9tente rien que pour vous :une v\u00e9ritable pause. A tr\u00e8s bient\u00f4t<\/strong> .<\/p>\n","protected":false},"excerpt":{"rendered":"<p>Bienvenue sur le site du salon FD coiffure , coiffeur\u00a0ind\u00e9pendant, install\u00e9 depuis 2005 , situ\u00e9 \u00e0 Ch\u00e2teauponsac dans le d\u00e9partement de la Haute-vienne. Hommes, femmes et enfants , l&rsquo;\u00e9quipe s&rsquo;adapte \u00e0 vos envies et vos besoins . Venez profiter d&rsquo;un moment de d\u00e9tente rien que pour vous :une v\u00e9ritable pause. A tr\u00e8s bient\u00f4t .<\/p>\n","protected":false},"author":1,"featured_media":0,"parent":0,"menu_order":0,"comment_status":"closed","ping_status":"closed","template":"","meta":{"footnotes":""},"class_list":["post-52","page","type-page","status-publish","hentry"],"yoast_head":"<!-- This site is optimized with the Yoast SEO plugin v27.3 - https:\/\/yoast.com\/product\/yoast-seo-wordpress\/ -->\n<title>Accueil - FD COIFFURE - L&#039;art de sublimer vos cheveux au naturel<\/title>\n<meta name=\"robots\" content=\"index, follow, max-snippet:-1, max-image-preview:large, max-video-preview:-1\" \/>\n<link rel=\"canonical\" href=\"https:\/\/fdcoiffure.com\/\" \/>\n<meta property=\"og:locale\" content=\"fr_FR\" \/>\n<meta property=\"og:type\" content=\"article\" \/>\n<meta property=\"og:title\" content=\"Accueil - FD COIFFURE - L&#039;art de sublimer vos cheveux au naturel\" \/>\n<meta property=\"og:description\" content=\"Bienvenue sur le site du salon FD coiffure , coiffeur\u00a0ind\u00e9pendant, install\u00e9 depuis 2005 , situ\u00e9 \u00e0 Ch\u00e2teauponsac dans le d\u00e9partement de la Haute-vienne. Hommes, femmes et enfants , l&rsquo;\u00e9quipe s&rsquo;adapte \u00e0 vos envies et vos besoins . Venez profiter d&rsquo;un moment de d\u00e9tente rien que pour vous :une v\u00e9ritable pause. A tr\u00e8s bient\u00f4t .\" \/>\n<meta property=\"og:url\" content=\"https:\/\/fdcoiffure.com\/\" \/>\n<meta property=\"og:site_name\" content=\"FD COIFFURE - L&#039;art de sublimer vos cheveux au naturel\" \/>\n<meta property=\"article:publisher\" content=\"http:\/\/fd20coiffure20ch\u00e2teauponsac\" \/>\n<meta property=\"article:modified_time\" content=\"2024-10-20T16:30:19+00:00\" \/>\n<meta property=\"og:image\" content=\"https:\/\/fdcoiffure.com\/wp-content\/uploads\/2024\/10\/fdcoiffure-8-scaled.jpg\" \/>\n\t<meta property=\"og:image:width\" content=\"2560\" \/>\n\t<meta property=\"og:image:height\" content=\"1707\" \/>\n\t<meta property=\"og:image:type\" content=\"image\/jpeg\" \/>\n<meta name=\"twitter:card\" content=\"summary_large_image\" \/>\n<meta name=\"twitter:label1\" content=\"Dur\u00e9e de lecture estim\u00e9e\" \/>\n\t<meta name=\"twitter:data1\" content=\"2 minutes\" \/>\n<script type=\"application\/ld+json\" class=\"yoast-schema-graph\">{\"@context\":\"https:\\\/\\\/schema.org\",\"@graph\":[{\"@type\":\"WebPage\",\"@id\":\"https:\\\/\\\/fdcoiffure.com\\\/\",\"url\":\"https:\\\/\\\/fdcoiffure.com\\\/\",\"name\":\"Accueil - FD COIFFURE - L&#039;art de sublimer vos cheveux au naturel\",\"isPartOf\":{\"@id\":\"https:\\\/\\\/fdcoiffure.com\\\/#website\"},\"primaryImageOfPage\":{\"@id\":\"https:\\\/\\\/fdcoiffure.com\\\/#primaryimage\"},\"image\":{\"@id\":\"https:\\\/\\\/fdcoiffure.com\\\/#primaryimage\"},\"thumbnailUrl\":\"https:\\\/\\\/fdcoiffure.com\\\/wp-content\\\/uploads\\\/2024\\\/10\\\/fdcoiffure-8-300x200.jpg\",\"datePublished\":\"2018-04-12T16:44:36+00:00\",\"dateModified\":\"2024-10-20T16:30:19+00:00\",\"breadcrumb\":{\"@id\":\"https:\\\/\\\/fdcoiffure.com\\\/#breadcrumb\"},\"inLanguage\":\"fr-FR\",\"potentialAction\":[{\"@type\":\"ReadAction\",\"target\":[\"https:\\\/\\\/fdcoiffure.com\\\/\"]}]},{\"@type\":\"ImageObject\",\"inLanguage\":\"fr-FR\",\"@id\":\"https:\\\/\\\/fdcoiffure.com\\\/#primaryimage\",\"url\":\"https:\\\/\\\/fdcoiffure.com\\\/wp-content\\\/uploads\\\/2024\\\/10\\\/fdcoiffure-8-scaled.jpg\",\"contentUrl\":\"https:\\\/\\\/fdcoiffure.com\\\/wp-content\\\/uploads\\\/2024\\\/10\\\/fdcoiffure-8-scaled.jpg\",\"width\":2560,\"height\":1707},{\"@type\":\"BreadcrumbList\",\"@id\":\"https:\\\/\\\/fdcoiffure.com\\\/#breadcrumb\",\"itemListElement\":[{\"@type\":\"ListItem\",\"position\":1,\"name\":\"Accueil\",\"item\":\"https:\\\/\\\/fdcoiffure.com\\\/\"},{\"@type\":\"ListItem\",\"position\":2,\"name\":\"Accueil\"}]},{\"@type\":\"WebSite\",\"@id\":\"https:\\\/\\\/fdcoiffure.com\\\/#website\",\"url\":\"https:\\\/\\\/fdcoiffure.com\\\/\",\"name\":\"fdcoiffure\",\"description\":\"Votre artisan coiffeur depuis 2005.\",\"publisher\":{\"@id\":\"https:\\\/\\\/fdcoiffure.com\\\/#organization\"},\"potentialAction\":[{\"@type\":\"SearchAction\",\"target\":{\"@type\":\"EntryPoint\",\"urlTemplate\":\"https:\\\/\\\/fdcoiffure.com\\\/?s={search_term_string}\"},\"query-input\":{\"@type\":\"PropertyValueSpecification\",\"valueRequired\":true,\"valueName\":\"search_term_string\"}}],\"inLanguage\":\"fr-FR\"},{\"@type\":\"Organization\",\"@id\":\"https:\\\/\\\/fdcoiffure.com\\\/#organization\",\"name\":\"FD COIFFURE dorine Fortin\",\"url\":\"https:\\\/\\\/fdcoiffure.com\\\/\",\"logo\":{\"@type\":\"ImageObject\",\"inLanguage\":\"fr-FR\",\"@id\":\"https:\\\/\\\/fdcoiffure.com\\\/#\\\/schema\\\/logo\\\/image\\\/\",\"url\":\"https:\\\/\\\/fdcoiffure.com\\\/wp-content\\\/uploads\\\/2018\\\/04\\\/Steinfield-ConvertImage.png\",\"contentUrl\":\"https:\\\/\\\/fdcoiffure.com\\\/wp-content\\\/uploads\\\/2018\\\/04\\\/Steinfield-ConvertImage.png\",\"width\":500,\"height\":500,\"caption\":\"FD COIFFURE dorine Fortin\"},\"image\":{\"@id\":\"https:\\\/\\\/fdcoiffure.com\\\/#\\\/schema\\\/logo\\\/image\\\/\"},\"sameAs\":[\"http:\\\/\\\/fd20coiffure20ch\u00e2teauponsac\"]}]}<\/script>\n<!-- \/ Yoast SEO plugin. -->","yoast_head_json":{"title":"Accueil - FD COIFFURE - L&#039;art de sublimer vos cheveux au naturel","robots":{"index":"index","follow":"follow","max-snippet":"max-snippet:-1","max-image-preview":"max-image-preview:large","max-video-preview":"max-video-preview:-1"},"canonical":"https:\/\/fdcoiffure.com\/","og_locale":"fr_FR","og_type":"article","og_title":"Accueil - FD COIFFURE - L&#039;art de sublimer vos cheveux au naturel","og_description":"Bienvenue sur le site du salon FD coiffure , coiffeur\u00a0ind\u00e9pendant, install\u00e9 depuis 2005 , situ\u00e9 \u00e0 Ch\u00e2teauponsac dans le d\u00e9partement de la Haute-vienne. Hommes, femmes et enfants , l&rsquo;\u00e9quipe s&rsquo;adapte \u00e0 vos envies et vos besoins . Venez profiter d&rsquo;un moment de d\u00e9tente rien que pour vous :une v\u00e9ritable pause. A tr\u00e8s bient\u00f4t .","og_url":"https:\/\/fdcoiffure.com\/","og_site_name":"FD COIFFURE - L&#039;art de sublimer vos cheveux au naturel","article_publisher":"http:\/\/fd20coiffure20ch\u00e2teauponsac","article_modified_time":"2024-10-20T16:30:19+00:00","og_image":[{"width":2560,"height":1707,"url":"https:\/\/fdcoiffure.com\/wp-content\/uploads\/2024\/10\/fdcoiffure-8-scaled.jpg","type":"image\/jpeg"}],"twitter_card":"summary_large_image","twitter_misc":{"Dur\u00e9e de lecture estim\u00e9e":"2 minutes"},"schema":{"@context":"https:\/\/schema.org","@graph":[{"@type":"WebPage","@id":"https:\/\/fdcoiffure.com\/","url":"https:\/\/fdcoiffure.com\/","name":"Accueil - FD COIFFURE - L&#039;art de sublimer vos cheveux au naturel","isPartOf":{"@id":"https:\/\/fdcoiffure.com\/#website"},"primaryImageOfPage":{"@id":"https:\/\/fdcoiffure.com\/#primaryimage"},"image":{"@id":"https:\/\/fdcoiffure.com\/#primaryimage"},"thumbnailUrl":"https:\/\/fdcoiffure.com\/wp-content\/uploads\/2024\/10\/fdcoiffure-8-300x200.jpg","datePublished":"2018-04-12T16:44:36+00:00","dateModified":"2024-10-20T16:30:19+00:00","breadcrumb":{"@id":"https:\/\/fdcoiffure.com\/#breadcrumb"},"inLanguage":"fr-FR","potentialAction":[{"@type":"ReadAction","target":["https:\/\/fdcoiffure.com\/"]}]},{"@type":"ImageObject","inLanguage":"fr-FR","@id":"https:\/\/fdcoiffure.com\/#primaryimage","url":"https:\/\/fdcoiffure.com\/wp-content\/uploads\/2024\/10\/fdcoiffure-8-scaled.jpg","contentUrl":"https:\/\/fdcoiffure.com\/wp-content\/uploads\/2024\/10\/fdcoiffure-8-scaled.jpg","width":2560,"height":1707},{"@type":"BreadcrumbList","@id":"https:\/\/fdcoiffure.com\/#breadcrumb","itemListElement":[{"@type":"ListItem","position":1,"name":"Accueil","item":"https:\/\/fdcoiffure.com\/"},{"@type":"ListItem","position":2,"name":"Accueil"}]},{"@type":"WebSite","@id":"https:\/\/fdcoiffure.com\/#website","url":"https:\/\/fdcoiffure.com\/","name":"fdcoiffure","description":"Votre artisan coiffeur depuis 2005.","publisher":{"@id":"https:\/\/fdcoiffure.com\/#organization"},"potentialAction":[{"@type":"SearchAction","target":{"@type":"EntryPoint","urlTemplate":"https:\/\/fdcoiffure.com\/?s={search_term_string}"},"query-input":{"@type":"PropertyValueSpecification","valueRequired":true,"valueName":"search_term_string"}}],"inLanguage":"fr-FR"},{"@type":"Organization","@id":"https:\/\/fdcoiffure.com\/#organization","name":"FD COIFFURE dorine Fortin","url":"https:\/\/fdcoiffure.com\/","logo":{"@type":"ImageObject","inLanguage":"fr-FR","@id":"https:\/\/fdcoiffure.com\/#\/schema\/logo\/image\/","url":"https:\/\/fdcoiffure.com\/wp-content\/uploads\/2018\/04\/Steinfield-ConvertImage.png","contentUrl":"https:\/\/fdcoiffure.com\/wp-content\/uploads\/2018\/04\/Steinfield-ConvertImage.png","width":500,"height":500,"caption":"FD COIFFURE dorine Fortin"},"image":{"@id":"https:\/\/fdcoiffure.com\/#\/schema\/logo\/image\/"},"sameAs":["http:\/\/fd20coiffure20ch\u00e2teauponsac"]}]}},"_links":{"self":[{"href":"https:\/\/fdcoiffure.com\/index.php\/wp-json\/wp\/v2\/pages\/52","targetHints":{"allow":["GET"]}}],"collection":[{"href":"https:\/\/fdcoiffure.com\/index.php\/wp-json\/wp\/v2\/pages"}],"about":[{"href":"https:\/\/fdcoiffure.com\/index.php\/wp-json\/wp\/v2\/types\/page"}],"author":[{"embeddable":true,"href":"https:\/\/fdcoiffure.com\/index.php\/wp-json\/wp\/v2\/users\/1"}],"replies":[{"embeddable":true,"href":"https:\/\/fdcoiffure.com\/index.php\/wp-json\/wp\/v2\/comments?post=52"}],"version-history":[{"count":12,"href":"https:\/\/fdcoiffure.com\/index.php\/wp-json\/wp\/v2\/pages\/52\/revisions"}],"predecessor-version":[{"id":708,"href":"https:\/\/fdcoiffure.com\/index.php\/wp-json\/wp\/v2\/pages\/52\/revisions\/708"}],"wp:attachment":[{"href":"https:\/\/fdcoiffure.com\/index.php\/wp-json\/wp\/v2\/media?parent=52"}],"curies":[{"name":"wp","href":"https:\/\/api.w.org\/{rel}","templated":true}]}}